{"id":659,"date":"2020-08-07T14:21:39","date_gmt":"2020-08-07T12:21:39","guid":{"rendered":"https:\/\/www.feel-experience.com\/?page_id=659"},"modified":"2026-02-26T15:38:20","modified_gmt":"2026-02-26T14:38:20","slug":"contact","status":"publish","type":"page","link":"https:\/\/www.feel-experience.com\/en\/contact\/","title":{"rendered":"Contact"},"content":{"rendered":"<p><div class=\"fusion-fullwidth fullwidth-box fusion-builder-row-1 fusion-flex-container has-pattern-background has-mask-background fusion-parallax-none headerprojet nonhundred-percent-fullwidth non-hundred-percent-height-scrolling\" style=\"--awb-background-position:center bottom;--awb-border-radius-top-left:0px;--awb-border-radius-top-right:0px;--awb-border-radius-bottom-right:0px;--awb-border-radius-bottom-left:0px;--awb-padding-top:250px;--awb-padding-bottom:100px;--awb-background-image:url(&quot;https:\/\/www.feel-experience.com\/wp-content\/uploads\/2025\/11\/photo-header-contact-1-1024x683.jpg&quot;);--awb-background-size:cover;--awb-flex-wrap:wrap;\" ><div class=\"fusion-builder-row fusion-row fusion-flex-align-items-flex-start fusion-flex-justify-content-space-between fusion-flex-content-wrap\" style=\"max-width:1144px;margin-left: calc(-4% \/ 2 );margin-right: calc(-4% \/ 2 );\"><div class=\"fusion-layout-column fusion_builder_column fusion-builder-column-0 fusion_builder_column_1_1 1_1 fusion-flex-column\" style=\"--awb-bg-size:cover;--awb-width-large:100%;--awb-margin-top-large:0px;--awb-spacing-right-large:1.92%;--awb-margin-bottom-large:0px;--awb-spacing-left-large:1.92%;--awb-width-medium:100%;--awb-order-medium:0;--awb-spacing-right-medium:1.92%;--awb-spacing-left-medium:1.92%;--awb-width-small:100%;--awb-order-small:0;--awb-spacing-right-small:1.92%;--awb-spacing-left-small:1.92%;\" data-scroll-devices=\"small-visibility,medium-visibility,large-visibility\"><div class=\"fusion-column-wrapper fusion-column-has-shadow fusion-flex-justify-content-flex-start fusion-content-layout-column\"><div class=\"fusion-title title fusion-title-1 fusion-title-text fusion-title-size-one\" style=\"--awb-text-color:var(--awb-color5);--awb-margin-bottom:0px;\"><div class=\"title-sep-container title-sep-container-left fusion-no-large-visibility fusion-no-medium-visibility fusion-no-small-visibility\"><div class=\"title-sep sep-double sep-solid\" style=\"border-color:#e0dede;\"><\/div><\/div><span class=\"awb-title-spacer fusion-no-large-visibility fusion-no-medium-visibility fusion-no-small-visibility\"><\/span><h1 class=\"fusion-title-heading title-heading-left\" style=\"margin:0;\">Contact<\/h1><span class=\"awb-title-spacer\"><\/span><div class=\"title-sep-container title-sep-container-right\"><div class=\"title-sep sep-double sep-solid\" style=\"border-color:#e0dede;\"><\/div><\/div><\/div><div class=\"fusion-text fusion-text-1\" style=\"--awb-font-size:30px;--awb-text-color:var(--awb-color1);\"><p>Contact us for your outdoor projects<\/p>\n<\/div><\/div><\/div><\/div><\/div><div class=\"fusion-fullwidth fullwidth-box fusion-builder-row-2 fusion-flex-container has-pattern-background has-mask-background nonhundred-percent-fullwidth non-hundred-percent-height-scrolling\" style=\"--awb-border-radius-top-left:0px;--awb-border-radius-top-right:0px;--awb-border-radius-bottom-right:0px;--awb-border-radius-bottom-left:0px;--awb-padding-top:50px;--awb-padding-bottom:50px;--awb-background-color:#393939;--awb-flex-wrap:wrap;\" ><div class=\"fusion-builder-row fusion-row fusion-flex-align-items-center fusion-flex-justify-content-center fusion-flex-content-wrap\" style=\"max-width:1144px;margin-left: calc(-4% \/ 2 );margin-right: calc(-4% \/ 2 );\"><div class=\"fusion-layout-column fusion_builder_column fusion-builder-column-1 fusion_builder_column_1_2 1_2 fusion-flex-column\" style=\"--awb-bg-size:cover;--awb-width-large:50%;--awb-margin-top-large:0px;--awb-spacing-right-large:3.84%;--awb-margin-bottom-large:20px;--awb-spacing-left-large:3.84%;--awb-width-medium:100%;--awb-order-medium:0;--awb-spacing-right-medium:1.92%;--awb-spacing-left-medium:1.92%;--awb-width-small:100%;--awb-order-small:0;--awb-spacing-right-small:1.92%;--awb-spacing-left-small:1.92%;\" data-scroll-devices=\"small-visibility,medium-visibility,large-visibility\"><div class=\"fusion-column-wrapper fusion-column-has-shadow fusion-flex-justify-content-flex-start fusion-content-layout-column\"><div class=\"fusion-title title fusion-title-2 fusion-title-text fusion-title-size-two\" style=\"--awb-text-color:#4aaef7;\"><div class=\"title-sep-container title-sep-container-left fusion-no-large-visibility fusion-no-medium-visibility fusion-no-small-visibility\"><div class=\"title-sep sep-double sep-solid\" style=\"border-color:#e0dede;\"><\/div><\/div><span class=\"awb-title-spacer fusion-no-large-visibility fusion-no-medium-visibility fusion-no-small-visibility\"><\/span><h2 class=\"fusion-title-heading title-heading-left\" style=\"margin:0;\"><strong>A mission<\/strong><br \/>\nto entrust us with?<\/h2><span class=\"awb-title-spacer\"><\/span><div class=\"title-sep-container title-sep-container-right\"><div class=\"title-sep sep-double sep-solid\" style=\"border-color:#e0dede;\"><\/div><\/div><\/div><div class=\"fusion-text fusion-text-2 blue-bar\" style=\"--awb-text-color:var(--awb-color1);\"><p>Please fill out the form below and we will get back to you as soon as possible. We look forward to speaking with you.<\/p>\n<\/div><\/div><\/div><div class=\"fusion-layout-column fusion_builder_column fusion-builder-column-2 fusion_builder_column_1_2 1_2 fusion-flex-column\" style=\"--awb-bg-size:cover;--awb-width-large:50%;--awb-margin-top-large:0px;--awb-spacing-right-large:3.84%;--awb-margin-bottom-large:0px;--awb-spacing-left-large:3.84%;--awb-width-medium:100%;--awb-order-medium:0;--awb-spacing-right-medium:1.92%;--awb-spacing-left-medium:1.92%;--awb-width-small:100%;--awb-order-small:0;--awb-spacing-right-small:1.92%;--awb-spacing-left-small:1.92%;\" data-scroll-devices=\"small-visibility,medium-visibility,large-visibility\"><div class=\"fusion-column-wrapper fusion-column-has-shadow fusion-flex-justify-content-flex-start fusion-content-layout-column\"><div style=\"text-align:center;\"><a class=\"fusion-button button-flat fusion-button-default-size button-default fusion-button-default button-1 fusion-button-default-span fusion-button-default-type\" style=\"--button-border-radius-top-left:0;--button-border-radius-top-right:0;--button-border-radius-bottom-right:0;--button-border-radius-bottom-left:0;\" target=\"_self\" href=\"https:\/\/www.feel-experience.com\/wp-content\/uploads\/2026\/02\/presentation-agence-feel-experience-2026-EN-WEB.pdf\"><span class=\"fusion-button-text awb-button__text awb-button__text--default\">Agency presentation<\/span><\/a><\/div><div style=\"text-align:center;\"><a class=\"fusion-button button-flat fusion-button-default-size button-default fusion-button-default button-2 fusion-button-default-span fusion-button-default-type\" style=\"--button-border-radius-top-left:0;--button-border-radius-top-right:0;--button-border-radius-bottom-right:0;--button-border-radius-bottom-left:0;\" target=\"_self\" href=\"https:\/\/50725eaa.sibforms.com\/serve\/MUIFAPdROCRhiVYZ9P97LxKW3lUUWMkuq_5Sh0H20HOlC7_UYAkXP15R3-QpJ_BwBIL-sx3cfYFhCl1tkjCoou-RqaHJDNXK4Zv8LnNHFCq6nxetzaZDcepGREbVxNoFxacD6_ELeZ9GCBTN9VqPl-XCcgPUWZDKPaYGrF37EVW9Ba56GnsS50MB3Pv81scJTn3qbSZB51P2xTQR\"><span class=\"fusion-button-text awb-button__text awb-button__text--default\">Subscribe to the newsletter<\/span><\/a><\/div><\/div><\/div><\/div><\/div><\/p>\n","protected":false},"excerpt":{"rendered":"","protected":false},"author":1,"featured_media":2795,"parent":0,"menu_order":0,"comment_status":"closed","ping_status":"closed","template":"","meta":{"footnotes":""},"class_list":["post-659","page","type-page","status-publish","has-post-thumbnail","hentry"],"yoast_head":"<!-- This site is optimized with the Yoast SEO plugin v26.9 - https:\/\/yoast.com\/product\/yoast-seo-wordpress\/ -->\n<title>Contact - Feel Experience<\/title>\n<meta name=\"description\" content=\"Une mission \u00e0 nous confier ? Contactez-nous pour vos projets outdoor. Agence \u00e9v\u00e9nementielle et brand content sp\u00e9cialis\u00e9e montagne.\" \/>\n<meta name=\"robots\" content=\"index, follow, max-snippet:-1, max-image-preview:large, max-video-preview:-1\" \/>\n<link rel=\"canonical\" href=\"https:\/\/www.feel-experience.com\/en\/contact\/\" \/>\n<meta property=\"og:locale\" content=\"en_US\" \/>\n<meta property=\"og:type\" content=\"article\" \/>\n<meta property=\"og:title\" content=\"Contact - Feel Experience\" \/>\n<meta property=\"og:description\" content=\"Une mission \u00e0 nous confier ? Contactez-nous pour vos projets outdoor. Agence \u00e9v\u00e9nementielle et brand content sp\u00e9cialis\u00e9e montagne.\" \/>\n<meta property=\"og:url\" content=\"https:\/\/www.feel-experience.com\/en\/contact\/\" \/>\n<meta property=\"og:site_name\" content=\"Feel Experience\" \/>\n<meta property=\"article:modified_time\" content=\"2026-02-26T14:38:20+00:00\" \/>\n<meta property=\"og:image\" content=\"https:\/\/www.feel-experience.com\/wp-content\/uploads\/2025\/11\/Photo-formulaire-contact-1.webp\" \/>\n\t<meta property=\"og:image:width\" content=\"600\" \/>\n\t<meta property=\"og:image:height\" content=\"759\" \/>\n\t<meta property=\"og:image:type\" content=\"image\/webp\" \/>\n<meta name=\"twitter:card\" content=\"summary_large_image\" \/>\n<meta name=\"twitter:label1\" content=\"Est. reading time\" \/>\n\t<meta name=\"twitter:data1\" content=\"1 minute\" \/>\n<script type=\"application\/ld+json\" class=\"yoast-schema-graph\">{\"@context\":\"https:\/\/schema.org\",\"@graph\":[{\"@type\":\"WebPage\",\"@id\":\"https:\/\/www.feel-experience.com\/en\/contact\/\",\"url\":\"https:\/\/www.feel-experience.com\/en\/contact\/\",\"name\":\"Contact - Feel Experience\",\"isPartOf\":{\"@id\":\"https:\/\/www.feel-experience.com\/en\/#website\"},\"primaryImageOfPage\":{\"@id\":\"https:\/\/www.feel-experience.com\/en\/contact\/#primaryimage\"},\"image\":{\"@id\":\"https:\/\/www.feel-experience.com\/en\/contact\/#primaryimage\"},\"thumbnailUrl\":\"https:\/\/www.feel-experience.com\/wp-content\/uploads\/2025\/11\/Photo-formulaire-contact-1.webp\",\"datePublished\":\"2020-08-07T12:21:39+00:00\",\"dateModified\":\"2026-02-26T14:38:20+00:00\",\"description\":\"Une mission \u00e0 nous confier ? Contactez-nous pour vos projets outdoor. Agence \u00e9v\u00e9nementielle et brand content sp\u00e9cialis\u00e9e montagne.\",\"breadcrumb\":{\"@id\":\"https:\/\/www.feel-experience.com\/en\/contact\/#breadcrumb\"},\"inLanguage\":\"en-US\",\"potentialAction\":[{\"@type\":\"ReadAction\",\"target\":[\"https:\/\/www.feel-experience.com\/en\/contact\/\"]}]},{\"@type\":\"ImageObject\",\"inLanguage\":\"en-US\",\"@id\":\"https:\/\/www.feel-experience.com\/en\/contact\/#primaryimage\",\"url\":\"https:\/\/www.feel-experience.com\/wp-content\/uploads\/2025\/11\/Photo-formulaire-contact-1.webp\",\"contentUrl\":\"https:\/\/www.feel-experience.com\/wp-content\/uploads\/2025\/11\/Photo-formulaire-contact-1.webp\",\"width\":600,\"height\":759},{\"@type\":\"BreadcrumbList\",\"@id\":\"https:\/\/www.feel-experience.com\/en\/contact\/#breadcrumb\",\"itemListElement\":[{\"@type\":\"ListItem\",\"position\":1,\"name\":\"Accueil\",\"item\":\"https:\/\/www.feel-experience.com\/en\/\"},{\"@type\":\"ListItem\",\"position\":2,\"name\":\"Contact\"}]},{\"@type\":\"WebSite\",\"@id\":\"https:\/\/www.feel-experience.com\/en\/#website\",\"url\":\"https:\/\/www.feel-experience.com\/en\/\",\"name\":\"Feel Experience\",\"description\":\"Outdoor Experiences Architects\",\"publisher\":{\"@id\":\"https:\/\/www.feel-experience.com\/en\/#organization\"},\"potentialAction\":[{\"@type\":\"SearchAction\",\"target\":{\"@type\":\"EntryPoint\",\"urlTemplate\":\"https:\/\/www.feel-experience.com\/en\/?s={search_term_string}\"},\"query-input\":{\"@type\":\"PropertyValueSpecification\",\"valueRequired\":true,\"valueName\":\"search_term_string\"}}],\"inLanguage\":\"en-US\"},{\"@type\":\"Organization\",\"@id\":\"https:\/\/www.feel-experience.com\/en\/#organization\",\"name\":\"Feel Experience\",\"url\":\"https:\/\/www.feel-experience.com\/en\/\",\"logo\":{\"@type\":\"ImageObject\",\"inLanguage\":\"en-US\",\"@id\":\"https:\/\/www.feel-experience.com\/en\/#\/schema\/logo\/image\/\",\"url\":\"https:\/\/www.feel-experience.com\/wp-content\/uploads\/2025\/12\/favicon-feel-experience.png\",\"contentUrl\":\"https:\/\/www.feel-experience.com\/wp-content\/uploads\/2025\/12\/favicon-feel-experience.png\",\"width\":512,\"height\":512,\"caption\":\"Feel Experience\"},\"image\":{\"@id\":\"https:\/\/www.feel-experience.com\/en\/#\/schema\/logo\/image\/\"}}]}<\/script>\n<!-- \/ Yoast SEO plugin. -->","yoast_head_json":{"title":"Contact - Feel Experience","description":"Une mission \u00e0 nous confier ? Contactez-nous pour vos projets outdoor. Agence \u00e9v\u00e9nementielle et brand content sp\u00e9cialis\u00e9e montagne.","robots":{"index":"index","follow":"follow","max-snippet":"max-snippet:-1","max-image-preview":"max-image-preview:large","max-video-preview":"max-video-preview:-1"},"canonical":"https:\/\/www.feel-experience.com\/en\/contact\/","og_locale":"en_US","og_type":"article","og_title":"Contact - Feel Experience","og_description":"Une mission \u00e0 nous confier ? Contactez-nous pour vos projets outdoor. Agence \u00e9v\u00e9nementielle et brand content sp\u00e9cialis\u00e9e montagne.","og_url":"https:\/\/www.feel-experience.com\/en\/contact\/","og_site_name":"Feel Experience","article_modified_time":"2026-02-26T14:38:20+00:00","og_image":[{"width":600,"height":759,"url":"https:\/\/www.feel-experience.com\/wp-content\/uploads\/2025\/11\/Photo-formulaire-contact-1.webp","type":"image\/webp"}],"twitter_card":"summary_large_image","twitter_misc":{"Est. reading time":"1 minute"},"schema":{"@context":"https:\/\/schema.org","@graph":[{"@type":"WebPage","@id":"https:\/\/www.feel-experience.com\/en\/contact\/","url":"https:\/\/www.feel-experience.com\/en\/contact\/","name":"Contact - Feel Experience","isPartOf":{"@id":"https:\/\/www.feel-experience.com\/en\/#website"},"primaryImageOfPage":{"@id":"https:\/\/www.feel-experience.com\/en\/contact\/#primaryimage"},"image":{"@id":"https:\/\/www.feel-experience.com\/en\/contact\/#primaryimage"},"thumbnailUrl":"https:\/\/www.feel-experience.com\/wp-content\/uploads\/2025\/11\/Photo-formulaire-contact-1.webp","datePublished":"2020-08-07T12:21:39+00:00","dateModified":"2026-02-26T14:38:20+00:00","description":"Une mission \u00e0 nous confier ? Contactez-nous pour vos projets outdoor. Agence \u00e9v\u00e9nementielle et brand content sp\u00e9cialis\u00e9e montagne.","breadcrumb":{"@id":"https:\/\/www.feel-experience.com\/en\/contact\/#breadcrumb"},"inLanguage":"en-US","potentialAction":[{"@type":"ReadAction","target":["https:\/\/www.feel-experience.com\/en\/contact\/"]}]},{"@type":"ImageObject","inLanguage":"en-US","@id":"https:\/\/www.feel-experience.com\/en\/contact\/#primaryimage","url":"https:\/\/www.feel-experience.com\/wp-content\/uploads\/2025\/11\/Photo-formulaire-contact-1.webp","contentUrl":"https:\/\/www.feel-experience.com\/wp-content\/uploads\/2025\/11\/Photo-formulaire-contact-1.webp","width":600,"height":759},{"@type":"BreadcrumbList","@id":"https:\/\/www.feel-experience.com\/en\/contact\/#breadcrumb","itemListElement":[{"@type":"ListItem","position":1,"name":"Accueil","item":"https:\/\/www.feel-experience.com\/en\/"},{"@type":"ListItem","position":2,"name":"Contact"}]},{"@type":"WebSite","@id":"https:\/\/www.feel-experience.com\/en\/#website","url":"https:\/\/www.feel-experience.com\/en\/","name":"Feel Experience","description":"Outdoor Experiences Architects","publisher":{"@id":"https:\/\/www.feel-experience.com\/en\/#organization"},"potentialAction":[{"@type":"SearchAction","target":{"@type":"EntryPoint","urlTemplate":"https:\/\/www.feel-experience.com\/en\/?s={search_term_string}"},"query-input":{"@type":"PropertyValueSpecification","valueRequired":true,"valueName":"search_term_string"}}],"inLanguage":"en-US"},{"@type":"Organization","@id":"https:\/\/www.feel-experience.com\/en\/#organization","name":"Feel Experience","url":"https:\/\/www.feel-experience.com\/en\/","logo":{"@type":"ImageObject","inLanguage":"en-US","@id":"https:\/\/www.feel-experience.com\/en\/#\/schema\/logo\/image\/","url":"https:\/\/www.feel-experience.com\/wp-content\/uploads\/2025\/12\/favicon-feel-experience.png","contentUrl":"https:\/\/www.feel-experience.com\/wp-content\/uploads\/2025\/12\/favicon-feel-experience.png","width":512,"height":512,"caption":"Feel Experience"},"image":{"@id":"https:\/\/www.feel-experience.com\/en\/#\/schema\/logo\/image\/"}}]}},"_links":{"self":[{"href":"https:\/\/www.feel-experience.com\/en\/wp-json\/wp\/v2\/pages\/659","targetHints":{"allow":["GET"]}}],"collection":[{"href":"https:\/\/www.feel-experience.com\/en\/wp-json\/wp\/v2\/pages"}],"about":[{"href":"https:\/\/www.feel-experience.com\/en\/wp-json\/wp\/v2\/types\/page"}],"author":[{"embeddable":true,"href":"https:\/\/www.feel-experience.com\/en\/wp-json\/wp\/v2\/users\/1"}],"replies":[{"embeddable":true,"href":"https:\/\/www.feel-experience.com\/en\/wp-json\/wp\/v2\/comments?post=659"}],"version-history":[{"count":18,"href":"https:\/\/www.feel-experience.com\/en\/wp-json\/wp\/v2\/pages\/659\/revisions"}],"predecessor-version":[{"id":4003,"href":"https:\/\/www.feel-experience.com\/en\/wp-json\/wp\/v2\/pages\/659\/revisions\/4003"}],"wp:featuredmedia":[{"embeddable":true,"href":"https:\/\/www.feel-experience.com\/en\/wp-json\/wp\/v2\/media\/2795"}],"wp:attachment":[{"href":"https:\/\/www.feel-experience.com\/en\/wp-json\/wp\/v2\/media?parent=659"}],"curies":[{"name":"wp","href":"https:\/\/api.w.org\/{rel}","templated":true}]}}